{"id":86,"date":"2025-07-01T09:13:01","date_gmt":"2025-07-01T07:13:01","guid":{"rendered":"https:\/\/lamaisonjeannedarc.com\/?page_id=86"},"modified":"2025-10-18T07:52:28","modified_gmt":"2025-10-18T05:52:28","slug":"rechtliche-hinweise","status":"publish","type":"page","link":"https:\/\/lamaisonjeannedarc.com\/de\/mentions-legales\/","title":{"rendered":"Rechtliche Hinweise"},"content":{"rendered":"<p><strong>Herausgeber der Seite<\/strong><\/p>\n\n\n\n<ul class=\"wp-block-list\">\n<li><strong>Name oder Firmenname<\/strong>: La Maison Jeanne d&rsquo;Arc<\/li>\n\n\n\n<li><strong>Adresse des Firmensitzes<\/strong>:  9 Rue de l&rsquo;\u00c9glise, 89170 Saint-Fargeau<\/li>\n\n\n\n<li><strong>Kontakt-E-Mail-Adresse<\/strong>: contact@lamaisonjeannedarc.com<\/li>\n\n\n\n<li><strong>Leiter der Ver\u00f6ffentlichung<\/strong>: No\u00e9mi Brunet<\/li>\n<\/ul>\n\n\n\n<p><strong>Unterkunft<\/strong><\/p>\n\n\n\n<ul class=\"wp-block-list\">\n<li><strong>Hoster<\/strong>: St\u00e4nde<\/li>\n\n\n\n<li><strong>Adresse des Hosts<\/strong>: Pentone, 20221 Cervioni, EU<\/li>\n<\/ul>\n\n\n\n<p><strong>Geistiges Eigentum<\/strong><br>L\u2019ensemble du contenu du site LAMAISONJEANNEDARC.COM\u202f, d\u00e9nomm\u00e9 plus bas \u2018\u2019Site\u2019\u2019: textes, images, graphismes, logo, ic\u00f4nes, sons, logiciels, etc., est la propri\u00e9t\u00e9 de NO\u00c9MI BRUNET, d\u00e9nomm\u00e9e plus bas \u2018\u2019Entreprise\u2019\u2019 fait l\u2019objet d\u2019une autorisation d\u2019utilisation. Toute reproduction, repr\u00e9sentation, modification, publication, adaptation de tout ou partie des \u00e9l\u00e9ments du site, quel que soit le moyen ou le proc\u00e9d\u00e9 utilis\u00e9, est interdite, sauf autorisation \u00e9crite pr\u00e9alable de l\u2019Entreprise.<\/p>\n\n\n\n<p><strong>Allgemeine Nutzungsbedingungen<\/strong><br>Die Nutzung der Website setzt die vollst\u00e4ndige und uneingeschr\u00e4nkte Annahme der nachstehend beschriebenen allgemeinen Nutzungsbedingungen voraus. Diese Bedingungen k\u00f6nnen jederzeit ge\u00e4ndert oder erg\u00e4nzt werden; den Nutzern der Website wird daher empfohlen, sie regelm\u00e4\u00dfig zu konsultieren.<\/p>\n\n\n\n<p><strong>Schutz von pers\u00f6nlichen Daten<\/strong><br>Die \u00fcber die Formulare auf dieser Website gesammelten Informationen werden vom Unternehmen f\u00fcr statistische Analysen der Besucherzahlen und zur kommerziellen Verwaltung gespeichert. Gem\u00e4\u00df dem franz\u00f6sischen Datenschutzgesetz und der DSGVO k\u00f6nnen Sie Ihr Recht auf Zugang, Berichtigung und Widerspruch zu den Sie betreffenden Daten aus\u00fcben, indem Sie sich an folgende Adresse wenden <a href=\"#adresse-mail\">die E-Mail-Adresse des Kontakts<\/a> die am oberen Rand der Seite aufgef\u00fchrt sind.<\/p>\n\n\n\n<p><strong>Cookies<\/strong><br>Die Website verwendet Cookies, um die Benutzererfahrung zu verbessern, Besuchsstatistiken zu erstellen und angepasste Dienstleistungen anzubieten. Weitere Informationen und die M\u00f6glichkeit, Cookies einzustellen, finden Sie in unserer Datenschutzrichtlinie.<\/p>\n\n\n\n<p><strong>Anwendbares Recht und Gerichtsstand<\/strong><br>Alle Streitigkeiten im Zusammenhang mit der Nutzung der Website unterliegen dem franz\u00f6sischen Recht. Die ausschlie\u00dfliche Zust\u00e4ndigkeit liegt bei den zust\u00e4ndigen Gerichten des Departements, in dem das Unternehmen ans\u00e4ssig ist.<\/p>\n\n\n\n<p><strong>Kontakt<\/strong><br>Bei Fragen, Informationen \u00fcber die auf der Website vorgestellten Produkte oder Dienstleistungen oder \u00fcber die Website selbst k\u00f6nnen Sie eine Nachricht hinterlassen an <a href=\"#adresse-mail\">die E-Mail-Adresse des Kontakts<\/a> die am oberen Rand der Seite aufgef\u00fchrt sind.<\/p>","protected":false},"excerpt":{"rendered":"<p>\u00c9diteur du site H\u00e9bergement Propri\u00e9t\u00e9 intellectuelleL\u2019ensemble du contenu du site LAMAISONJEANNEDARC.COM\u202f, d\u00e9nomm\u00e9 plus bas \u2018\u2019Site\u2019\u2019: textes, images, graphismes, logo, ic\u00f4nes, sons, logiciels, etc., est la propri\u00e9t\u00e9 de NO\u00c9MI BRUNET, d\u00e9nomm\u00e9e plus bas \u2018\u2019Entreprise\u2019\u2019 fait l\u2019objet d\u2019une autorisation d\u2019utilisation. Toute reproduction, repr\u00e9sentation, modification, publication, adaptation de tout ou partie des \u00e9l\u00e9ments du site, quel que soit&#8230;<\/p>","protected":false},"author":2,"featured_media":0,"parent":0,"menu_order":0,"comment_status":"closed","ping_status":"closed","template":"","meta":{"_acf_changed":false,"_kad_blocks_custom_css":"","_kad_blocks_head_custom_js":"","_kad_blocks_body_custom_js":"","_kad_blocks_footer_custom_js":"","_kadence_starter_templates_imported_post":false,"_kad_post_transparent":"","_kad_post_title":"show","_kad_post_layout":"narrow","_kad_post_sidebar_id":"","_kad_post_content_style":"","_kad_post_vertical_padding":"","_kad_post_feature":"","_kad_post_feature_position":"","_kad_post_header":false,"_kad_post_footer":false,"_kad_post_classname":"","footnotes":""},"class_list":["post-86","page","type-page","status-publish","hentry"],"acf":[],"taxonomy_info":[],"featured_image_src_large":false,"author_info":{"display_name":"manon","author_link":"https:\/\/lamaisonjeannedarc.com\/de\/author\/manon\/"},"comment_info":"","_links":{"self":[{"href":"https:\/\/lamaisonjeannedarc.com\/de\/wp-json\/wp\/v2\/pages\/86","targetHints":{"allow":["GET"]}}],"collection":[{"href":"https:\/\/lamaisonjeannedarc.com\/de\/wp-json\/wp\/v2\/pages"}],"about":[{"href":"https:\/\/lamaisonjeannedarc.com\/de\/wp-json\/wp\/v2\/types\/page"}],"author":[{"embeddable":true,"href":"https:\/\/lamaisonjeannedarc.com\/de\/wp-json\/wp\/v2\/users\/2"}],"replies":[{"embeddable":true,"href":"https:\/\/lamaisonjeannedarc.com\/de\/wp-json\/wp\/v2\/comments?post=86"}],"version-history":[{"count":3,"href":"https:\/\/lamaisonjeannedarc.com\/de\/wp-json\/wp\/v2\/pages\/86\/revisions"}],"predecessor-version":[{"id":456,"href":"https:\/\/lamaisonjeannedarc.com\/de\/wp-json\/wp\/v2\/pages\/86\/revisions\/456"}],"wp:attachment":[{"href":"https:\/\/lamaisonjeannedarc.com\/de\/wp-json\/wp\/v2\/media?parent=86"}],"curies":[{"name":"wp","href":"https:\/\/api.w.org\/{rel}","templated":true}]}}